{"id":6229,"date":"2024-04-24T09:42:27","date_gmt":"2024-04-24T09:42:27","guid":{"rendered":"https:\/\/hospederiasanfroilan.raggamuffin.es\/?page_id=6229"},"modified":"2025-02-06T08:31:42","modified_gmt":"2025-02-06T08:31:42","slug":"accesibilidad","status":"publish","type":"page","link":"https:\/\/solautoescuela.com\/?page_id=6229","title":{"rendered":"Accesibilidad"},"content":{"rendered":"<div class=\"container\">\n<div class=\"row\">\n<div class=\"col-md-12 page-default\">\n<div id=\"post-5365\" class=\"post-5365 page type-page status-publish hentry\">\n<section class=\"wpb-content-wrapper\">\n<div class=\"d-section\">\n<div class=\"container\">\n<div class=\"vc_row wpb_row vc_row-fluid\">\n<div class=\"wpb_column vc_column_container vc_col-md-12\">\n<div class=\"vc_column-inner \">\n<div class=\"wpb_wrapper\">\n<div class=\"wpb_text_column wpb_content_element \">\n<div class=\"wpb_wrapper\">\n<div class=\"wpb_text_column wpb_content_element \">\n<div class=\"wpb_wrapper\">\n<div class=\"et_pb_module et_pb_post_title et_pb_post_title_0 et_pb_bg_layout_light et_pb_text_align_left\">\n<div class=\"et_pb_title_container\">\n<h1 class=\"entry-title\">Accesibilidad<\/h1>\n<\/div>\n<\/div>\n<div class=\"et_pb_module et_pb_text et_pb_text_0 et_pb_text_align_left et_pb_bg_layout_light\">\n<div class=\"et_pb_text_inner\">\n<p>La presente declaraci\u00f3n de accesibilidad se aplica al sitio web <a href=\"https:\/\/solautoescuela.com\/\">https:\/\/solautoescuela.com\/<\/a><\/p>\n<p>&nbsp;<\/p>\n<h2>Esfuerzos para garantizar la accesibilidad<\/h2>\n<p>Seguimos las\u00a0<a role=\"link\" href=\"https:\/\/www.w3.org\/TR\/WCAG21\/\" target=\"_blank\" rel=\"noopener\">\u00a0Pautas de Accesibilidad al Contenido Web (WCAG) versi\u00f3n 2.1<\/a>\u00a0 como nuestro principio rector para determinar la accesibilidad. Estos son est\u00e1ndares acordados internacionalmente que cubren una amplia gama de recomendaciones y mejores pr\u00e1cticas para hacer que el contenido sea utilizable. A medida que agregamos nuevas p\u00e1ginas y funcionalidades a nuestro sitio web, todos los dise\u00f1os, c\u00f3digos y pr\u00e1cticas de ingreso de contenido se verifican con estos est\u00e1ndares.<\/p>\n<p>La accesibilidad del sitio web es un proceso continuo. Probamos continuamente el contenido y las caracter\u00edsticas para el cumplimiento de WCAG 2.1 Nivel AA y solucionamos cualquier problema para garantizar que cumplimos o superamos los est\u00e1ndares. Los miembros de nuestro equipo realizan las pruebas de nuestro sitio web utilizando herramientas est\u00e1ndar de la industria, como el\u00a0<a role=\"link\" href=\"https:\/\/a11ychecker.com\/\" target=\"_blank\" rel=\"noopener\">Complemento de WordPress del Comprobador de accesibilidad<\/a>\u00a0, analizadores de contraste de color, t\u00e9cnicas de navegaci\u00f3n solo con teclado y pruebas de legibilidad Flesch-Kincaid.<\/p>\n<p>Nos comprometemos a proporcionar una experiencia de sitio web totalmente accesible para todos los usuarios de todas las capacidades, incluidos aquellos que dependen de tecnolog\u00edas de asistencia como lectores de pantalla, software de ampliaci\u00f3n de pantalla y dispositivos de entrada de teclado alternativos para navegar por la web<\/p>\n<p>Esto es parte de nuestro esfuerzo m\u00e1s amplio para hacer que la experiencia sea acogedora y agradable. Tenga en cuenta que si bien hacemos todo lo posible para proporcionar informaci\u00f3n accesible para todos los usuarios, no podemos garantizar la accesibilidad de los sitios web de terceros a los que podemos vincularnos.<\/p>\n<p>&nbsp;<\/p>\n<h2>Situaci\u00f3n de cumplimiento<\/h2>\n<p>Este sitio web es parcialmente conforme con el<a role=\"link\" href=\"https:\/\/www.boe.es\/diario_boe\/txt.php?id=BOE-A-2018-12699\" target=\"_blank\" rel=\"noopener\">\u00a0RD 1112\/2018 <\/a>debido a las excepciones y a la falta de conformidad de los aspectos que se indican en el siguiente punto.<\/p>\n<h3>Contenido no accesible<\/h3>\n<p>El contenido que se recoge a continuaci\u00f3n no es accesible por lo siguiente:<\/p>\n<ul>\n<li>Falta de conformidad con el RD 1112\/2018. Podr\u00edan existir documentos ofim\u00e1ticos en PDF y otros formatos publicados posteriormente al 20 de septiembre de 2018 que no cumplan en su totalidad los requisitos de accesibilidad. Se pueden solicitar los documentos completamente accesibles desde el formulario de contacto para formalizar quejas y consultas. Podr\u00edan existir errores de c\u00f3digo puntuales de edici\u00f3n en alguna p\u00e1gina web. [4.1.1 Procesamiento]<\/li>\n<\/ul>\n<ul>\n<li>Carga desproporcionada. No aplica.<\/li>\n<\/ul>\n<ul>\n<li>El contenido no entra dentro del \u00e1mbito de la legislaci\u00f3n aplicable. Podr\u00edan existir archivos ofim\u00e1ticos en PDF u otros formatos publicados antes del 20 de septiembre de 2018 que no cumplan en su totalidad todos los requisitos de accesibilidad. Aunque se ha procurado que la mayor\u00eda de ellos s\u00ed lo cumplan.<\/li>\n<\/ul>\n<p>&nbsp;<\/p>\n<h2>Preparaci\u00f3n para la siguiente declaraci\u00f3n de accesibilidad<\/h2>\n<p>El m\u00e9todo empleado para preparar la declaraci\u00f3n ha sido una autoevaluaci\u00f3n<\/p>\n<p>&nbsp;<\/p>\n<h2>Observaciones y datos de contacto<\/h2>\n<p>Damos la bienvenida a comentarios, preguntas y comentarios sobre nuestro sitio web. Si est\u00e1 utilizando tecnolog\u00edas de asistencia y tiene dificultades para usar nuestro sitio web, env\u00ede un correo electr\u00f3nico a trav\u00e9s del formulario de contacto de este sitio web. Haremos todo lo posible para ayudarle y resolver los problemas.<\/p>\n<p>Puede realizar comunicaciones sobre requisitos de accesibilidad (art\u00edculo 10.2.a del RD 1112\/2018) como, por ejemplo:<\/p>\n<ul>\n<li>Informar sobre cualquier posible incumplimiento por parte de este sitio web<\/li>\n<li>Transmitir otras dificultades de acceso al contenido<\/li>\n<li>Formular cualquier otra consulta o sugerencia de mejora relativa a la accesibilidad del sitio web<\/li>\n<\/ul>\n<p>Puede presentar:<\/p>\n<ul>\n<li>Queja relativa al cumplimiento de los requisitos del RD 1112\/2018 o<\/li>\n<li>Solicitud de Informaci\u00f3n accesible relativa a:\n<ul>\n<li>Contenidos que est\u00e1n excluidos del \u00e1mbito de aplicaci\u00f3n del RD 1112\/2018 seg\u00fan lo establecido por el art\u00edculo 3, apartado 4<\/li>\n<li>Contenidos que est\u00e1n exentos del cumplimiento de los requisitos de accesibilidad por imponer una carga desproporcionada<\/li>\n<\/ul>\n<\/li>\n<\/ul>\n<p>En la Solicitud de informaci\u00f3n accesible, se debe concretar,\u00a0 los hechos, razones y petici\u00f3n que permitan constatar que se trata de una solicitud razonable y leg\u00edtima.<\/p>\n<p>&nbsp;<\/p>\n<h2>Especificaciones t\u00e9cnicas<\/h2>\n<p>Accesibilidad de este sitio web se basa en las siguientes tecnolog\u00edas para funcionar con la combinaci\u00f3n particular de navegador web y cualquier tecnolog\u00eda de asistencia o complemento instalado en su computadora:<\/p>\n<ul>\n<li>WordPress<\/li>\n<li>HTML<\/li>\n<li>CSS&lt;<\/li>\n<li>JavaScript<\/li>\n<\/ul>\n<p>Se conf\u00eda en estas tecnolog\u00edas para cumplir con los est\u00e1ndares de accesibilidad utilizados.<\/p>\n<p>&nbsp;<\/p>\n<h2>Contenido opcional<\/h2>\n<p>Esta web est\u00e1 dise\u00f1ada para poder cambiar el tama\u00f1o del texto y el color, as\u00ed como el fondo de la p\u00e1gina mediante las opciones de configuraci\u00f3n est\u00e1ndar de los navegadores.<\/p>\n<p>Si desea cambiar el tama\u00f1o de letra del texto en los principales navegadores gr\u00e1ficos utilice los siguientes men\u00fas:<\/p>\n<ul>\n<li>Internet Explorer, Mozilla y Firefox: Ver &gt; Tama\u00f1o del texto<\/li>\n<li>Opera: Ver &gt; Zoom<\/li>\n<li>Safari: Ver &gt; Hacer el texto m\u00e1s grande<\/li>\n<li>Chrome: Controla la p\u00e1gina actual &gt; Tama\u00f1o del texto<\/li>\n<li>Para modificar el tama\u00f1o de todo en la p\u00e1gina:\n<ul>\n<li>Ctrl + + para aumentarlo<\/li>\n<li>Ctrl + \u2013 para disminuirlo<\/li>\n<li>Ctrl + 0 restaura el tama\u00f1o original del texto<\/li>\n<li>Si lo que quiere es anular la hoja de estilos o modificar el color del texto, puede consultar la p\u00e1gina How to Change Text Size or Colors de la WAI, que se puede leer traducida al espa\u00f1ol en \u00bfC\u00f3mo cambiar el tama\u00f1o del texto o colores?<\/li>\n<\/ul>\n<\/li>\n<\/ul>\n<p>&nbsp;<\/p>\n<h2>Fecha<\/h2>\n<p>Esta declaraci\u00f3n fue creada el 06 febrero 2025<\/p>\n<\/div>\n<\/div>\n<\/div>\n<\/div>\n<\/div>\n<\/div>\n<\/div>\n<\/div>\n<\/div>\n<\/div>\n<\/div>\n<\/div>\n<\/section>\n<\/div>\n<\/div>\n<\/div>\n<\/div>\n","protected":false},"excerpt":{"rendered":"<p>Accesibilidad La presente declaraci\u00f3n de accesibilidad se aplica al sitio web https:\/\/solautoescuela.com\/ &nbsp; Esfuerzos para garantizar la accesibilidad Seguimos las\u00a0\u00a0Pautas de Accesibilidad &hellip; <\/p>\n<p><a href=\"https:\/\/solautoescuela.com\/?page_id=6229\" class=\"read-more-btn btn btn-small\">Read More<span class=\"screen-reader-text\">Accesibilidad<\/span><\/a><\/p>\n","protected":false},"author":1,"featured_media":0,"parent":0,"menu_order":0,"comment_status":"closed","ping_status":"closed","template":"","meta":{"_joinchat":[],"footnotes":""},"wf_page_folders":[],"class_list":["post-6229","page","type-page","status-publish","hentry"],"_links":{"self":[{"href":"https:\/\/solautoescuela.com\/index.php?rest_route=\/wp\/v2\/pages\/6229","targetHints":{"allow":["GET"]}}],"collection":[{"href":"https:\/\/solautoescuela.com\/index.php?rest_route=\/wp\/v2\/pages"}],"about":[{"href":"https:\/\/solautoescuela.com\/index.php?rest_route=\/wp\/v2\/types\/page"}],"author":[{"embeddable":true,"href":"https:\/\/solautoescuela.com\/index.php?rest_route=\/wp\/v2\/users\/1"}],"replies":[{"embeddable":true,"href":"https:\/\/solautoescuela.com\/index.php?rest_route=%2Fwp%2Fv2%2Fcomments&post=6229"}],"version-history":[{"count":5,"href":"https:\/\/solautoescuela.com\/index.php?rest_route=\/wp\/v2\/pages\/6229\/revisions"}],"predecessor-version":[{"id":6232,"href":"https:\/\/solautoescuela.com\/index.php?rest_route=\/wp\/v2\/pages\/6229\/revisions\/6232"}],"wp:attachment":[{"href":"https:\/\/solautoescuela.com\/index.php?rest_route=%2Fwp%2Fv2%2Fmedia&parent=6229"}],"wp:term":[{"taxonomy":"wf_page_folders","embeddable":true,"href":"https:\/\/solautoescuela.com\/index.php?rest_route=%2Fwp%2Fv2%2Fwf_page_folders&post=6229"}],"curies":[{"name":"wp","href":"https:\/\/api.w.org\/{rel}","templated":true}]}}