{"id":6238,"date":"2024-04-24T09:57:02","date_gmt":"2024-04-24T09:57:02","guid":{"rendered":"https:\/\/hospederiasanfroilan.raggamuffin.es\/?page_id=6238"},"modified":"2025-03-17T08:13:46","modified_gmt":"2025-03-17T08:13:46","slug":"politica-de-privacidad","status":"publish","type":"page","link":"https:\/\/solautoescuela.com\/?page_id=6238","title":{"rendered":"Pol\u00edtica de privacidad"},"content":{"rendered":"<div class=\"wpb_text_column wpb_content_element \">\n<div class=\"wpb_wrapper\">\n<p><strong>Pol\u00edtica de privacidad<\/strong><\/p>\n<p>&nbsp;<\/p>\n<p>Nos hemos esforzado en crear un espacio seguro y confiable y por eso queremos compartir nuestros principios respecto a tu privacidad:<br \/>\n\u2022 Nunca solicitamos informaci\u00f3n personal a menos que realmente sea necesaria para prestarte los servicios que requieras.<br \/>\n\u2022 Nunca compartimos informaci\u00f3n personal de nuestros usuarios con nadie, excepto para cumplir con la ley o en caso que contemos con tu autorizaci\u00f3n expresa.<br \/>\n\u2022 Nunca utilizamos tus datos personales con una finalidad diferente a la expresada en esta pol\u00edtica de privacidad.<\/p>\n<p>Es preciso advertir que esta Pol\u00edtica de Privacidad podr\u00eda variar en funci\u00f3n de exigencias legislativas o de autorregulaci\u00f3n, por lo que se aconseja a los usuarios que la visiten peri\u00f3dicamente. Ser\u00e1 aplicable en caso de que los usuarios decidan rellenar alg\u00fan formulario de cualquiera de sus formularios de contacto donde se recaben datos de car\u00e1cter personal.<br \/>\nsolautoescuela.com ha adecuado esta web a las exigencias de la Ley Org\u00e1nica 15\/1999, de 13 de diciembre, de Protecci\u00f3n de Datos de Car\u00e1cter Personal (LOPD), y al Real Decreto 1720\/2007, de 21 de diciembre, conocido como el Reglamento de desarrollo de la LOPD. Cumple tambi\u00e9n con el Reglamento (UE) 2016\/679 del Parlamento Europeo y del consejo de 27 de abril de 2016 relativo a la protecci\u00f3n de las personas f\u00edsicas (RGPD), as\u00ed como con la Ley 34\/2002, de 11 de julio, de Servicios de la Sociedad de la Informaci\u00f3n y Comercio Electr\u00f3nico (LSSICE o LSSI).<\/p>\n<h2>Responsable del tratamiento de tus datos personales<\/h2>\n<p>\u2022\u00a0<strong>Identidad del Responsable: <\/strong><br \/>\n\u2022\u00a0<strong>Nombre comercial:<\/strong> Autoescuela SOL<br \/>\n\u2022\u00a0<strong>NIF\/CIF: <\/strong><br \/>\n\u2022\u00a0<strong>Direcci\u00f3n:<\/strong> R\u00faa Flor de Malva 65, 27003 \u2013 Lugo<br \/>\n\u2022\u00a0<strong>Correo electr\u00f3nico: <\/strong><span class=\"email\"><span class=\"col-org\">info@solautoescuela.com<\/span> <\/span><br \/>\n\u2022\u00a0<strong>Actividad:<\/strong> Autoescuela<\/p>\n<p>A efectos de lo previsto en el Reglamento General de Protecci\u00f3n de Datos antes citado, los datos personales que env\u00edes a trav\u00e9s de los formularios de la web, recibir\u00e1n el tratamiento de datos de \u201cUsuarios de la web y suscriptores\u201d.<br \/>\nPara el tratamiento de datos de los usuarios, implementamos todas las medidas t\u00e9cnicas y organizativas de seguridad establecidas en la legislaci\u00f3n vigente.<\/p>\n<h2>Principios que aplicaremos a tu informaci\u00f3n personal<\/h2>\n<p>En el tratamiento de tus datos personales, aplicaremos los siguientes principios que se ajustan a las exigencias del nuevo reglamento europeo de protecci\u00f3n de datos:<\/p>\n<p>\u2022 Principio de licitud, lealtad y transparencia: Siempre vamos a requerir tu consentimiento para el tratamiento de tus datos personales para uno o varios fines espec\u00edficos que te informaremos previamente con absoluta transparencia.<br \/>\n\u2022 Principio de minimizaci\u00f3n de datos: Solo vamos a solicitar datos estrictamente necesarios en relaci\u00f3n con los fines para los que se requiere. Los m\u00ednimos posibles.<br \/>\n\u2022 Principio de limitaci\u00f3n del plazo de conservaci\u00f3n: los datos ser\u00e1n mantenidos durante no m\u00e1s tiempo del necesario para los fines del tratamiento, en funci\u00f3n a la finalidad, te informaremos del plazo de conservaci\u00f3n correspondiente, en el caso de suscripciones, peri\u00f3dicamente revisaremos nuestras listas y eliminaremos aquellos registros inactivos durante un tiempo considerable.<br \/>\n\u2022 Principio de integridad y confidencialidad: Tus datos ser\u00e1n tratados de tal manera que se garantice una seguridad adecuada de los datos personales y se garantice confidencialidad. Debes saber que tomamos todas las precauciones necesarias para evitar el acceso no autorizado o uso indebido de los datos de nuestros usuarios por parte de terceros.<\/p>\n<h2>\u00bfC\u00f3mo hemos obtenido tus datos?<\/h2>\n<p>Los datos personales que tratamos en solautoescuela.com proceden de:<\/p>\n<p>\u2022 Formulario de contacto<br \/>\n\u2022 Formulario de suscripci\u00f3n<br \/>\n\u2022 Comentarios en blog<br \/>\n\u2022 Formulario de solicitud de servicios<br \/>\n\u2022 Formulario para descargas<br \/>\n\u2022 Formulario de registro<br \/>\n\u2022 Formulario de inscripci\u00f3n<\/p>\n<h2>\u00bfCu\u00e1les son tus derechos cuando nos facilitas tus datos?<\/h2>\n<p>Cualquier persona tiene derecho a obtener confirmaci\u00f3n sobre si en Autoescuela SOL estamos tratando datos personales que les concierne, o no.<br \/>\nLas personas interesadas tienen derecho a:<\/p>\n<p>\u2022 Solicitar el acceso a los datos personales relativos al interesado<br \/>\n\u2022 Solicitar su rectificaci\u00f3n o supresi\u00f3n<br \/>\n\u2022 Solicitar la limitaci\u00f3n de su tratamiento<br \/>\n\u2022 Oponerse al tratamiento<br \/>\n\u2022 Solicitar la portabilidad de los datos<\/p>\n<p>Los interesados podr\u00e1n acceder a sus datos personales, as\u00ed como a solicitar la rectificaci\u00f3n de los datos inexactos o, en su caso, solicitar su supresi\u00f3n cuando, entre otros motivos, los datos ya no sean necesarios para los fines que fueron recogidos. En determinadas circunstancias, los interesados podr\u00e1n solicitar la limitaci\u00f3n del tratamiento de sus datos, en cuyo caso \u00fanicamente los conservaremos para el ejercicio o la defensa de reclamaciones.<br \/>\nEn determinadas circunstancias y por motivos relacionados con su situaci\u00f3n particular, los interesados podr\u00e1n oponerse al tratamiento de sus datos. Autoescuela SOL dejar\u00e1 de tratar los datos, salvo por motivos leg\u00edtimos imperiosos, o el ejercicio o la defensa de posibles reclamaciones. C\u00f3mo interesado, tienes derecho a recibir los datos personales que te incumban, que nos hayas facilitado y en un formato estructurado, de uso com\u00fan y lectura mec\u00e1nica, y a transmitirlos a otro responsable del tratamiento cuando:<\/p>\n<p>\u2022 El tratamiento est\u00e9 basado en el consentimiento<br \/>\n\u2022 Los datos hayan sido facilitados por la persona interesada.<br \/>\n\u2022 El tratamiento se efect\u00fae por medios automatizados.<\/p>\n<p>Al ejercer tu derecho a la portabilidad de los datos, tendr\u00e1s derecho a que los datos personales se transmitan directamente de responsable a responsable cuando sea t\u00e9cnicamente posible.<br \/>\nLos interesados tambi\u00e9n tendr\u00e1n derecho a la tutela judicial efectiva y a presentar una reclamaci\u00f3n ante la autoridad de control, en este caso, la Agencia Espa\u00f1ola de Protecci\u00f3n de Datos, si consideran que el tratamiento de datos personales que le conciernen infringe el Reglamento.<\/p>\n<h2>\u00bfCon qu\u00e9 finalidad tratamos tus datos personales?<\/h2>\n<p>Cuando un usuario se conecta con esta web por ejemplo para comentar un post, mandar un correo al titular, suscribirse o realizar alguna contrataci\u00f3n, est\u00e1 facilitando informaci\u00f3n de car\u00e1cter personal de la que es responsable solautoescuela.com. Esa informaci\u00f3n puede incluir datos de car\u00e1cter personal como pueden ser tu direcci\u00f3n IP, nombre, direcci\u00f3n f\u00edsica, direcci\u00f3n de correo electr\u00f3nico, n\u00famero de tel\u00e9fono, y otra informaci\u00f3n. Al facilitar esta informaci\u00f3n, el usuario da su consentimiento para que su informaci\u00f3n sea recopilada, utilizada, gestionada y almacenada por solautoescuela.com, s\u00f3lo como se describe en el Aviso Legal y en la presente Pol\u00edtica de Privacidad.<br \/>\nEn solautoescuela.com existen diferentes sistemas de captura de informaci\u00f3n personal y trato la informaci\u00f3n que nos facilitan las personas interesadas con el siguiente fin por cada sistema de captura (formularios):<\/p>\n<p>\u2022 Formulario de contacto:<\/p>\n<p>Solicitamos los siguientes datos personales: Nombre, Email, para responder a los requerimientos de los usuarios de solautoescuela.com<br \/>\nPor ejemplo, podemos utilizar esos datos para responder a tu solicitud y dar respuesta a las dudas, quejas, comentarios o inquietudes que puedas tener relativas a la informaci\u00f3n incluida en la web, los servicios que se prestan a trav\u00e9s de la web, el tratamiento de sus datos personales, cuestiones referentes a los textos legales incluidos en la web, as\u00ed como cualesquiera otras consultas que puedas tener y que no est\u00e9n sujetas a las condiciones de contrataci\u00f3n. Te informamos que los datos que nos facilitas estar\u00e1n ubicados en los servidores de mailchimp (proveedor de Autoescuela SOL) fuera de la UE en EEUU. Ver <a href=\"https:\/\/mailchimp.com\/legal\/privacy\/\" target=\"_blank\" rel=\"noopener\">pol\u00edtica de privacidad de Mailchimp<\/a><\/p>\n<p>\u2022 Formulario de suscripci\u00f3n a contenidos:<\/p>\n<p>En este caso, solicitamos los siguientes datos personales: Nombre, Email, para gestionar la lista de suscripciones, enviar boletines, promociones y ofertas especiales, facilitados por el usuario al realizar la suscripci\u00f3n. Dentro de la web existen varios formularios para activar la suscripci\u00f3n. Los boletines electr\u00f3nicos o newsletter est\u00e1n gestionados por Mailchimp.<br \/>\nTe informamos que los datos que nos facilitas estar\u00e1n ubicados en los servidores de Mailchimp (proveedor de Autoescuela SOL) fuera de la UE en EEUU. Ver <a href=\"https:\/\/mailchimp.com\/legal\/privacy\/\" target=\"_blank\" rel=\"noopener\">pol\u00edtica de privacidad de Mailchimp<\/a><\/p>\n<p>\u2022 Formulario de alta para comentarios del blog:<\/p>\n<p>Para comentar las publicaciones del blog solautoescuela.com se requiere que el usuario se d\u00e9 de alta a trav\u00e9s de este formulario. En este caso, solicitamos los siguientes datos personales: Nombre, Email, Una vez dado de alta, el usuario podr\u00e1 realizar tantos comentarios como desee y dar respuesta sobre los anteriores. Te informamos que los datos que nos facilitas estar\u00e1n ubicados en los servidores de Siteground (proveedor de Autoescuela SOL) dentro de la UE.<\/p>\n<p>\u2022 Formulario de solicitud de servicios: Solicitamos los siguientes datos personales: Nombre, Email, para solicitar alguno de los servicios que solautoescuela.com pone a disposici\u00f3n de sus usuarios. La informaci\u00f3n recabada permitir\u00e1 solicitar el servicio correspondiente para una posible tramitaci\u00f3n del mismo offline. Las solicitudes ser\u00e1n respondidas por correo electr\u00f3nico. La web no permite gestionar pagos directamente. Te informamos que los datos que nos facilitas estar\u00e1n ubicados en los servidores de Siteground (proveedor de Autoescuela SOL) dentro de la UE.<\/p>\n<p>\u2022 Formulario para descargas:<\/p>\n<p>En esta web se pueden descargar diferentes contenidos que se incorporan peri\u00f3dicamente. En este caso, solicitamos los siguientes datos personales: Nombre, Email, para activar el formulario de suscripci\u00f3n. Se utiliza su informaci\u00f3n con los fines indicados para suscriptores. Te informamos que los datos que nos facilitas estar\u00e1n ubicados en los servidores de Mailchimp (proveedor de Autoescuela SOL) fuera de la UE en EEUU. Ver <a href=\"https:\/\/mailchimp.com\/legal\/privacy\/\" target=\"_blank\" rel=\"noopener\">pol\u00edtica de privacidad de Mailchimp<\/a><\/p>\n<p>\u2022 Formulario de Registro:<\/p>\n<p>En este caso, solicitamos los siguientes datos personales: Nombre, Email, para que puedas crearte una cuenta en mi sistema y tengas acceso a sus funcionalidades. Te informamos que los datos que nos facilitas estar\u00e1n ubicados en los servidores de Mailchimp (proveedor de Autoescuela SOL) fuera de la UE en EEUU. Ver <a href=\"https:\/\/mailchimp.com\/legal\/privacy\/\" target=\"_blank\" rel=\"noopener\">pol\u00edtica de privacidad de Mailchimp<\/a><\/p>\n<p>\u2022 Remarketing.<\/p>\n<p>La funci\u00f3n de remarketing nos permite llegar a las personas que hayan visitado solautoescuela.com anteriormente y asociar una audiencia determinada a un mensaje concreto. El remarketing es un m\u00e9todo para conseguir que los usuarios que han visitado mi sitio vuelvan a hacerlo. Como usuario de solautoescuela.com te informamos que estamos recopilando informaci\u00f3n para esta funci\u00f3n de remarketing en solautoescuela.com<\/p>\n<p>La informaci\u00f3n que recopilamos gracias a esta funci\u00f3n es recogida por las cookies de Facebook. Puedes conocer los datos que recopilan estas cookies en las siguientes pol\u00edticas de\u00a0privacidad de cada servicio:<\/p>\n<p>\u2022 Facebook<\/p>\n<p>Si no quieres que tu informaci\u00f3n sea recopilada por estas cookies, puedes inhabilitar el uso de cookies de Google a trav\u00e9s de la Configuraci\u00f3n de anuncios de Google. Tambi\u00e9n puedes inhabilitar el uso de cookies de un proveedor tercero a trav\u00e9s de la p\u00e1gina de inhabilitaci\u00f3n de Network Advertising Initiative.<br \/>\nEste tipo de servicios permite interactuar con redes sociales u otras plataformas externas directamente desde las p\u00e1ginas de esta web. Las interacciones y la informaci\u00f3n obtenida por esta web siempre estar\u00e1n sometidas a la configuraci\u00f3n de privacidad del usuario en cada red social. En caso de que se instale un servicio que permita interactuar con redes sociales, es posible que, aunque los usuarios no utilicen el servicio, \u00e9ste recoja datos de tr\u00e1fico web relativos a las p\u00e1ginas en las que est\u00e9n instalados.<\/p>\n<p>\u2022 Facebook ads.<\/p>\n<p>En solautoescuela.com utilizamos Facebook ads, la plataforma de publicidad de Facebook, que permite crear campa\u00f1as y anuncios.<br \/>\nAl generar un anuncio, se puede segmentar el p\u00fablico por:<br \/>\n\u2022 Lugar.<br \/>\n\u2022 Datos demogr\u00e1ficos (edad, sexo, etc.)<br \/>\n\u2022 Intereses (actividades, aficiones, etc.)<br \/>\n\u2022 Lo que compran en internet y por otros canales.<br \/>\n\u2022 Etc.<br \/>\nLos datos obtenidos a trav\u00e9s de Facebook ads est\u00e1n sujetos a esta pol\u00edtica de privacidad desde el momento en que el usuario deja sus datos en el formulario de esta web para unirse al bolet\u00edn de suscripciones. En ning\u00fan caso se utilizar\u00e1 la informaci\u00f3n procedente de Facebook con una finalidad diferente.<\/p>\n<p>Existen otras finalidades por la que tratamos tus datos personales:<\/p>\n<p>\u2022 Para garantizar el cumplimiento de las condiciones de uso y la ley aplicable. Esto puede incluir el desarrollo de herramientas y algoritmos que ayudan a esta web a garantizar la confidencialidad de los datos personales que recoge.<br \/>\n\u2022 Para apoyar y mejorar los servicios que ofrece esta web.<br \/>\n\u2022 Tambi\u00e9n se recogen otros datos no identificativos que se obtienen mediante algunas cookies que se descargan en el ordenador del usuario cuando navega en esta web que detallamos en la pol\u00edtica de cookies.<br \/>\n\u2022 Para gestionar las redes sociales. Autoescuela SOL puede tener presencia en redes sociales. El tratamiento de los datos que se lleve a cabo de las personas que se hagan seguidoras en las redes sociales de las p\u00e1ginas oficiales de solautoescuela.com, se regir\u00e1 por este apartado. As\u00ed como por aquellas condiciones de uso, pol\u00edticas de privacidad y normativas de acceso que pertenezcan a la red social que proceda en cada caso y aceptadas previamente por el usuario de Autoescuela SOL. Tratar\u00e1 sus datos con las finalidades de administrar correctamente su presencia en la red social, informando de actividades, productos o servicios de Autoescuela SOL. As\u00ed como para cualquier otra finalidad que las normativas de las redes sociales permitan. En ning\u00fan caso utilizaremos los perfiles de seguidores en redes sociales para enviar publicidad de manera individual.<\/p>\n<p>De acuerdo a lo establecido en el reglamento general de protecci\u00f3n de datos europeo (RGPD) 2016\/679, Autoescuela SOL con domicilio en R\u00faa Flor de Malva 65, 27003 \u2013 Lugo ser\u00e1 responsable del tratamiento de los datos correspondientes a Usuarios de la web y suscriptores.<br \/>\nAutoescuela SOL, no vende, alquila ni cede datos de car\u00e1cter personal que puedan identificar al usuario, ni lo har\u00e1 en el futuro, a terceros sin el consentimiento previo. Sin embargo, en algunos casos se pueden realizar colaboraciones con otros profesionales, en esos casos, se requerir\u00e1 consentimiento a los usuarios informando sobre la identidad del colaborador y la finalidad de la colaboraci\u00f3n. Siempre se realizar\u00e1 con los m\u00e1s estrictos est\u00e1ndares de seguridad.<\/p>\n<h2>Legitimaci\u00f3n para el tratamiento de tus datos<\/h2>\n<p>La base legal para el tratamiento de sus datos es: el consentimiento.<br \/>\nPara contactar o realizar comentarios en esta web se requiere el consentimiento con esta pol\u00edtica de privacidad.<br \/>\nLa oferta prospectiva o comercial de productos y servicios est\u00e1 basada en el consentimiento que se le solicita, sin que en ning\u00fan caso la retirada de este consentimiento condicione la ejecuci\u00f3n del contrato de suscripci\u00f3n.<\/p>\n<h2>Categor\u00eda de datos<\/h2>\n<p>Las categor\u00edas de datos que se tratan son datos identificativos.<br \/>\nNo se tratan categor\u00edas de datos especialmente protegidos.<\/p>\n<h2>\u00bfPor cu\u00e1nto tiempo conservaremos tus datos?<\/h2>\n<p>Los datos personales proporcionados se conservar\u00e1n:<\/p>\n<p>\u2022 Mientras se mantenga la relaci\u00f3n mercantil.<br \/>\n\u2022 Hasta que no se solicite su supresi\u00f3n por el interesado.<\/p>\n<h2>\u00bfA qu\u00e9 destinatarios se comunicar\u00e1n tus datos?<\/h2>\n<p>Muchas herramientas que utilizamos para gestionar tus datos son contratados por terceros.<br \/>\nPara prestar servicios estrictamente necesarios para el desarrollo de la actividad, solautoescuela.com, comparte datos con los siguientes prestadores bajo sus correspondientes condiciones de privacidad:<\/p>\n<p>Google Analytics: un servicio anal\u00edtico de web prestado por Google, Inc., una compa\u00f1\u00eda de Delaware cuya oficina principal est\u00e1 en 1600 Amphitheatre Parkway, Mountain View (California), CA 94043, Estados Unidos (\u201cGoogle\u201d). Google Analytics utiliza \u201ccookies\u201d, que son archivos de texto ubicados en tu ordenador, para ayudar a solautoescuela.com a analizar el uso que hacen los usuarios del sitio web. La informaci\u00f3n que genera la cookie acerca de su uso de solautoescuela.com (incluyendo tu direcci\u00f3n IP) ser\u00e1 directamente transmitida y archivada por Google en los servidores de Estados Unidos.<\/p>\n<p>Hosting: SiteGround<br \/>\nEspa\u00f1a, S.L., con domicilio en Espa\u00f1a. M\u00e1s informaci\u00f3n en: https:\/\/www.siteground.es\/ (SiteGround Espa\u00f1a, S.L.). SiteGround Espa\u00f1a, S.L. trata los datos con la finalidad de realizar sus servicios de hosting a Autoescuela SOL.<\/p>\n<p>Plataforma<br \/>\nweb: Automattic Inc., con domicilio en EEUU. M\u00e1s informaci\u00f3n en: https:\/\/es.wordpress.com\/ (Automattic Inc.). Automattic Inc. trata los datos con la finalidad de realizar sus servicios de plataforma web a Autoescuela SOL.<\/p>\n<p>Email marketing:<br \/>\nMailChimp, Inc., con domicilio en EEUU. M\u00e1s informaci\u00f3n en: https:\/\/www.mailchimp.com\/. MailChimp, Inc. trata los datos con la finalidad de realizar sus servicios de email marketing a Autoescuela SOL.<\/p>\n<p>Navegaci\u00f3n: Al navegar por solautoescuela.com se pueden recoger datos no identificables, que pueden incluir, direcciones IP, ubicaci\u00f3n geogr\u00e1fica (aproximadamente), un registro de c\u00f3mo se utilizan los servicios y sitios, y otros datos que no pueden ser utilizados para identificar al usuario.<br \/>\nEntre los datos no identificativos est\u00e1n tambi\u00e9n los relacionados a tus h\u00e1bitos de navegaci\u00f3n a trav\u00e9s de servicios de terceros. Esta web utiliza los siguientes servicios de an\u00e1lisis de terceros:<br \/>\n\u2022 Google analytics<br \/>\nUtilizamos esta informaci\u00f3n para analizar tendencias, administrar el sitio, rastrear los movimientos de los usuarios alrededor del sitio y para recopilar informaci\u00f3n demogr\u00e1fica sobre la base de usuarios en su conjunto.<\/p>\n<h2>Secreto y seguridad de los datos<\/h2>\n<p>Autoescuela SOL se compromete en el uso y tratamiento de los datos incluidos personales de los usuarios, respetando su confidencialidad y a utilizarlos de acuerdo con la finalidad del mismo, as\u00ed como a dar cumplimiento a su obligaci\u00f3n de guardarlos y adaptar todas las medidas para evitar la alteraci\u00f3n, p\u00e9rdida, tratamiento o acceso no autorizado, de conformidad con lo establecido en la normativa vigente de protecci\u00f3n de datos.<br \/>\nEsta web incluye un certificado SSL. Se trata de un protocolo de seguridad que hace que tus datos viajen de manera \u00edntegra y segura, es decir, la transmisi\u00f3n de los datos entre un servidor y usuario web, y en retroalimentaci\u00f3n, es totalmente cifrada o encriptada.<br \/>\nAutoescuela SOL no puede garantizar la absoluta inexpugnabilidad de la red Internet y por tanto la violaci\u00f3n de los datos mediante accesos fraudulentos a ellos por parte de terceros.<br \/>\nCon respecto a la confidencialidad del procesamiento, Autoescuela SOL se asegurar\u00e1 de que cualquier persona que est\u00e9 autorizada por solautoescuela.com\/ para procesar los datos del cliente (incluido su personal, colaboradores y prestadores), estar\u00e1 bajo la obligaci\u00f3n apropiada de confidencialidad (ya sea un deber contractual o legal).<br \/>\nCuando se presente alg\u00fan incidente de seguridad, al darse cuenta solautoescuela.com , deber\u00e1 notificar al Cliente sin demoras indebidas y deber\u00e1 proporcionar informaci\u00f3n oportuna relacionada con el Incidente de Seguridad tal como se conozca o cuando el Cliente lo solicite razonablemente.<\/p>\n<h2>Exactitud y veracidad de los datos<\/h2>\n<p>Como usuario, eres el \u00fanico responsable de la veracidad y correcci\u00f3n de los datos que remitas a solautoescuela.com exonerando a Autoescuela SOL, de cualquier responsabilidad al respecto.<br \/>\nLos usuarios garantizan y responden, en cualquier caso, de la exactitud, vigencia y autenticidad de los datos personales facilitados, y se comprometen a mantenerlos debidamente actualizados. El usuario acepta proporcionar informaci\u00f3n completa y correcta en el formulario de contacto o suscripci\u00f3n.<\/p>\n<h2>Aceptaci\u00f3n y consentimiento<\/h2>\n<p>El usuario declara haber sido informado de las condiciones sobre protecci\u00f3n de datos de car\u00e1cter personal, aceptando y consintiendo el tratamiento de los mismos por parte de Autoescuela SOL en la forma y para las finalidades indicadas en esta pol\u00edtica de privacidad.<\/p>\n<h2>Revocabilidad<\/h2>\n<p>El consentimiento prestado, tanto para el tratamiento como para la cesi\u00f3n de los datos de los interesados, es revocable en cualquier momento comunic\u00e1ndolo a Autoescuela SOL en los t\u00e9rminos establecidos en esta Pol\u00edtica para el ejercicio de los derechos ARCO. Esta revocaci\u00f3n en ning\u00fan caso tendr\u00e1 car\u00e1cter retroactivo.<\/p>\n<h2>Cambios en la pol\u00edtica de privacidad<\/h2>\n<p>Autoescuela SOL se reserva el derecho a modificar la presente pol\u00edtica para adaptarla a novedades legislativas o jurisprudenciales, as\u00ed como a pr\u00e1cticas de la industria. En dichos supuestos, Autoescuela SOL anunciar\u00e1 en esta p\u00e1gina los cambios introducidos con razonable antelaci\u00f3n a su puesta en pr\u00e1ctica.<\/p>\n<h2>Correos comerciales<\/h2>\n<p>De acuerdo con la LSSICE, solautoescuela.com\/ no realiza pr\u00e1cticas de SPAM, por lo que no env\u00eda correos comerciales por v\u00eda electr\u00f3nica que no hayan sido previamente solicitados o autorizados por el usuario. En consecuencia, en cada uno de los formularios habidos en la web, el usuario tiene la posibilidad de dar su consentimiento expreso para recibir el bolet\u00edn, con independencia de la informaci\u00f3n comercial puntualmente solicitada.<br \/>\nConforme a lo dispuesto en la Ley 34\/2002 de Servicios de la Sociedad de la Informaci\u00f3n y de comercio electr\u00f3nico, solautoescuela.com\/ se compromete a no enviar comunicaciones de car\u00e1cter comercial sin identificarlas debidamente.<\/p>\n<\/div>\n<\/div>\n","protected":false},"excerpt":{"rendered":"<p>Pol\u00edtica de privacidad &nbsp; Nos hemos esforzado en crear un espacio seguro y confiable y por eso queremos compartir nuestros principios respecto &hellip; <\/p>\n<p><a href=\"https:\/\/solautoescuela.com\/?page_id=6238\" class=\"read-more-btn btn btn-small\">Read More<span class=\"screen-reader-text\">Pol\u00edtica de privacidad<\/span><\/a><\/p>\n","protected":false},"author":1,"featured_media":0,"parent":0,"menu_order":0,"comment_status":"closed","ping_status":"closed","template":"","meta":{"_joinchat":[],"footnotes":""},"wf_page_folders":[],"class_list":["post-6238","page","type-page","status-publish","hentry"],"_links":{"self":[{"href":"https:\/\/solautoescuela.com\/index.php?rest_route=\/wp\/v2\/pages\/6238","targetHints":{"allow":["GET"]}}],"collection":[{"href":"https:\/\/solautoescuela.com\/index.php?rest_route=\/wp\/v2\/pages"}],"about":[{"href":"https:\/\/solautoescuela.com\/index.php?rest_route=\/wp\/v2\/types\/page"}],"author":[{"embeddable":true,"href":"https:\/\/solautoescuela.com\/index.php?rest_route=\/wp\/v2\/users\/1"}],"replies":[{"embeddable":true,"href":"https:\/\/solautoescuela.com\/index.php?rest_route=%2Fwp%2Fv2%2Fcomments&post=6238"}],"version-history":[{"count":9,"href":"https:\/\/solautoescuela.com\/index.php?rest_route=\/wp\/v2\/pages\/6238\/revisions"}],"predecessor-version":[{"id":8820,"href":"https:\/\/solautoescuela.com\/index.php?rest_route=\/wp\/v2\/pages\/6238\/revisions\/8820"}],"wp:attachment":[{"href":"https:\/\/solautoescuela.com\/index.php?rest_route=%2Fwp%2Fv2%2Fmedia&parent=6238"}],"wp:term":[{"taxonomy":"wf_page_folders","embeddable":true,"href":"https:\/\/solautoescuela.com\/index.php?rest_route=%2Fwp%2Fv2%2Fwf_page_folders&post=6238"}],"curies":[{"name":"wp","href":"https:\/\/api.w.org\/{rel}","templated":true}]}}